{"id":227,"date":"2023-11-17T15:28:44","date_gmt":"2023-11-17T18:28:44","guid":{"rendered":"https:\/\/wilsonsantosmt.com.br\/index.php\/portfolio\/"},"modified":"2023-11-17T15:28:56","modified_gmt":"2023-11-17T18:28:56","slug":"portfolio","status":"publish","type":"page","link":"https:\/\/wilsonsantosmt.com.br\/index.php\/portfolio\/","title":{"rendered":"Portfolio"},"content":{"rendered":"\t\t<div data-elementor-type=\"wp-page\" data-elementor-id=\"227\" class=\"elementor elementor-227\" data-elementor-post-type=\"page\">\n\t\t\t\t\t\t\t\t\t<section data-particle_enable=\"false\" data-particle-mobile-disabled=\"false\" class=\"elementor-section elementor-top-section elementor-element elementor-element-17ab58dd elementor-section-boxed elementor-section-height-default elementor-section-height-default\" data-id=\"17ab58dd\" data-element_type=\"section\">\n\t\t\t\t\t\t<div class=\"elementor-container elementor-column-gap-no\">\n\t\t\t\t\t<div class=\"elementor-column elementor-col-100 elementor-top-column elementor-element elementor-element-1430a63b\" data-id=\"1430a63b\" data-element_type=\"column\">\n\t\t\t<div class=\"elementor-widget-wrap elementor-element-populated\">\n\t\t\t\t\t\t\t\t<div class=\"elementor-element elementor-element-69f6938f elementor-grid-2 elementor-grid-tablet-2 elementor-grid-mobile-1 elementor-widget elementor-widget-portfolio\" data-id=\"69f6938f\" data-element_type=\"widget\" data-settings=\"{&quot;columns&quot;:&quot;2&quot;,&quot;item_ratio&quot;:{&quot;unit&quot;:&quot;px&quot;,&quot;size&quot;:1,&quot;sizes&quot;:[]},&quot;row_gap&quot;:{&quot;unit&quot;:&quot;px&quot;,&quot;size&quot;:32,&quot;sizes&quot;:[]},&quot;columns_tablet&quot;:&quot;2&quot;,&quot;columns_mobile&quot;:&quot;1&quot;,&quot;item_gap&quot;:{&quot;unit&quot;:&quot;px&quot;,&quot;size&quot;:&quot;&quot;,&quot;sizes&quot;:[]}}\" data-widget_type=\"portfolio.default\">\n\t\t\t\t<div class=\"elementor-widget-container\">\n\t\t\t<link rel=\"stylesheet\" href=\"https:\/\/wilsonsantosmt.com.br\/wp-content\/plugins\/elementor-pro\/assets\/css\/widget-posts.min.css\">\t\t<ul class=\"elementor-portfolio__filters\">\n\t\t\t<li class=\"elementor-portfolio__filter elementor-active\" data-filter=\"__all\">All<\/li>\n\t\t\t\t\t\t\t<li class=\"elementor-portfolio__filter\" data-filter=\"13\">Not\u00edcias<\/li>\n\t\t\t\t\t<\/ul>\n\t\t\t\t<div class=\"elementor-portfolio elementor-grid elementor-posts-container\">\n\t\t\t\t<article class=\"elementor-portfolio-item elementor-post elementor-filter-13 post-2466 post type-post status-publish format-standard has-post-thumbnail hentry category-noticias\">\n\t\t\t<a class=\"elementor-post__thumbnail__link\" href=\"https:\/\/wilsonsantosmt.com.br\/index.php\/2026\/04\/16\/wilson-santos-licencia-e-professor-sivirino-assume-vaga-na-almt\/\">\n\t\t\t\t<div class=\"elementor-portfolio-item__img elementor-post__thumbnail\">\n\t\t\t<img fetchpriority=\"high\" decoding=\"async\" width=\"1280\" height=\"720\" src=\"https:\/\/wilsonsantosmt.com.br\/wp-content\/uploads\/2026\/04\/WhatsApp-Image-2026-04-15-at-15.24.59.jpeg\" class=\"attachment-full size-full wp-image-2467\" alt=\"\" srcset=\"https:\/\/wilsonsantosmt.com.br\/wp-content\/uploads\/2026\/04\/WhatsApp-Image-2026-04-15-at-15.24.59.jpeg 1280w, https:\/\/wilsonsantosmt.com.br\/wp-content\/uploads\/2026\/04\/WhatsApp-Image-2026-04-15-at-15.24.59-300x169.jpeg 300w, https:\/\/wilsonsantosmt.com.br\/wp-content\/uploads\/2026\/04\/WhatsApp-Image-2026-04-15-at-15.24.59-1024x576.jpeg 1024w, https:\/\/wilsonsantosmt.com.br\/wp-content\/uploads\/2026\/04\/WhatsApp-Image-2026-04-15-at-15.24.59-768x432.jpeg 768w, https:\/\/wilsonsantosmt.com.br\/wp-content\/uploads\/2026\/04\/WhatsApp-Image-2026-04-15-at-15.24.59-600x338.jpeg 600w\" sizes=\"(max-width: 1280px) 100vw, 1280px\" \/>\t\t<\/div>\n\t\t\t\t<div class=\"elementor-portfolio-item__overlay\">\n\t\t\t\t<h4 class=\"elementor-portfolio-item__title\">\n\t\tWilson Santos licencia e Professor Sivirino assume vaga na ALMT\t\t<\/h4>\n\t\t\t\t<\/div>\n\t\t\t\t<\/a>\n\t\t<\/article>\n\t\t\t\t<article class=\"elementor-portfolio-item elementor-post elementor-filter-13 post-2457 post type-post status-publish format-standard has-post-thumbnail hentry category-noticias\">\n\t\t\t<a class=\"elementor-post__thumbnail__link\" href=\"https:\/\/wilsonsantosmt.com.br\/index.php\/2026\/04\/15\/wilson-santos-defende-a-valorizacao-de-materias-primas-para-consolidar-a-industrializacao-em-mt\/\">\n\t\t\t\t<div class=\"elementor-portfolio-item__img elementor-post__thumbnail\">\n\t\t\t<img decoding=\"async\" width=\"1600\" height=\"1066\" src=\"https:\/\/wilsonsantosmt.com.br\/wp-content\/uploads\/2026\/04\/WhatsApp-Image-2026-04-15-at-17.54.08.jpeg\" class=\"attachment-full size-full wp-image-2458\" alt=\"\" srcset=\"https:\/\/wilsonsantosmt.com.br\/wp-content\/uploads\/2026\/04\/WhatsApp-Image-2026-04-15-at-17.54.08.jpeg 1600w, https:\/\/wilsonsantosmt.com.br\/wp-content\/uploads\/2026\/04\/WhatsApp-Image-2026-04-15-at-17.54.08-300x200.jpeg 300w, https:\/\/wilsonsantosmt.com.br\/wp-content\/uploads\/2026\/04\/WhatsApp-Image-2026-04-15-at-17.54.08-1024x682.jpeg 1024w, https:\/\/wilsonsantosmt.com.br\/wp-content\/uploads\/2026\/04\/WhatsApp-Image-2026-04-15-at-17.54.08-768x512.jpeg 768w, https:\/\/wilsonsantosmt.com.br\/wp-content\/uploads\/2026\/04\/WhatsApp-Image-2026-04-15-at-17.54.08-1536x1023.jpeg 1536w, https:\/\/wilsonsantosmt.com.br\/wp-content\/uploads\/2026\/04\/WhatsApp-Image-2026-04-15-at-17.54.08-600x400.jpeg 600w\" sizes=\"(max-width: 1600px) 100vw, 1600px\" \/>\t\t<\/div>\n\t\t\t\t<div class=\"elementor-portfolio-item__overlay\">\n\t\t\t\t<h4 class=\"elementor-portfolio-item__title\">\n\t\tWilson Santos defende a valoriza\u00e7\u00e3o de mat\u00e9rias-primas para consolidar a industrializa\u00e7\u00e3o em MT\t\t<\/h4>\n\t\t\t\t<\/div>\n\t\t\t\t<\/a>\n\t\t<\/article>\n\t\t\t\t<article class=\"elementor-portfolio-item elementor-post elementor-filter-13 post-2454 post type-post status-publish format-standard has-post-thumbnail hentry category-noticias\">\n\t\t\t<a class=\"elementor-post__thumbnail__link\" href=\"https:\/\/wilsonsantosmt.com.br\/index.php\/2026\/04\/13\/wilson-santos-garante-retomada-das-obras-em-unidade-de-saude-de-cuiaba\/\">\n\t\t\t\t<div class=\"elementor-portfolio-item__img elementor-post__thumbnail\">\n\t\t\t<img decoding=\"async\" width=\"1280\" height=\"720\" src=\"https:\/\/wilsonsantosmt.com.br\/wp-content\/uploads\/2026\/04\/WhatsApp-Image-2026-04-13-at-11.18.15-1.jpeg\" class=\"attachment-full size-full wp-image-2455\" alt=\"\" srcset=\"https:\/\/wilsonsantosmt.com.br\/wp-content\/uploads\/2026\/04\/WhatsApp-Image-2026-04-13-at-11.18.15-1.jpeg 1280w, https:\/\/wilsonsantosmt.com.br\/wp-content\/uploads\/2026\/04\/WhatsApp-Image-2026-04-13-at-11.18.15-1-300x169.jpeg 300w, https:\/\/wilsonsantosmt.com.br\/wp-content\/uploads\/2026\/04\/WhatsApp-Image-2026-04-13-at-11.18.15-1-1024x576.jpeg 1024w, https:\/\/wilsonsantosmt.com.br\/wp-content\/uploads\/2026\/04\/WhatsApp-Image-2026-04-13-at-11.18.15-1-768x432.jpeg 768w, https:\/\/wilsonsantosmt.com.br\/wp-content\/uploads\/2026\/04\/WhatsApp-Image-2026-04-13-at-11.18.15-1-600x338.jpeg 600w\" sizes=\"(max-width: 1280px) 100vw, 1280px\" \/>\t\t<\/div>\n\t\t\t\t<div class=\"elementor-portfolio-item__overlay\">\n\t\t\t\t<h4 class=\"elementor-portfolio-item__title\">\n\t\tWilson Santos garante retomada das obras em unidade de sa\u00fade de Cuiab\u00e1\t\t<\/h4>\n\t\t\t\t<\/div>\n\t\t\t\t<\/a>\n\t\t<\/article>\n\t\t\t\t<article class=\"elementor-portfolio-item elementor-post elementor-filter-13 post-2450 post type-post status-publish format-standard has-post-thumbnail hentry category-noticias\">\n\t\t\t<a class=\"elementor-post__thumbnail__link\" href=\"https:\/\/wilsonsantosmt.com.br\/index.php\/2026\/04\/13\/com-emenda-parlamentar-wilson-santos-reinaugura-mini-estadio-de-dom-aquino\/\">\n\t\t\t\t<div class=\"elementor-portfolio-item__img elementor-post__thumbnail\">\n\t\t\t<img loading=\"lazy\" decoding=\"async\" width=\"2560\" height=\"1440\" src=\"https:\/\/wilsonsantosmt.com.br\/wp-content\/uploads\/2026\/04\/WhatsApp-Image-2026-04-13-at-12.45.47-scaled.jpeg\" class=\"attachment-full size-full wp-image-2451\" alt=\"\" srcset=\"https:\/\/wilsonsantosmt.com.br\/wp-content\/uploads\/2026\/04\/WhatsApp-Image-2026-04-13-at-12.45.47-scaled.jpeg 2560w, https:\/\/wilsonsantosmt.com.br\/wp-content\/uploads\/2026\/04\/WhatsApp-Image-2026-04-13-at-12.45.47-300x169.jpeg 300w, https:\/\/wilsonsantosmt.com.br\/wp-content\/uploads\/2026\/04\/WhatsApp-Image-2026-04-13-at-12.45.47-1024x576.jpeg 1024w, https:\/\/wilsonsantosmt.com.br\/wp-content\/uploads\/2026\/04\/WhatsApp-Image-2026-04-13-at-12.45.47-768x432.jpeg 768w, https:\/\/wilsonsantosmt.com.br\/wp-content\/uploads\/2026\/04\/WhatsApp-Image-2026-04-13-at-12.45.47-1536x864.jpeg 1536w, https:\/\/wilsonsantosmt.com.br\/wp-content\/uploads\/2026\/04\/WhatsApp-Image-2026-04-13-at-12.45.47-2048x1152.jpeg 2048w, https:\/\/wilsonsantosmt.com.br\/wp-content\/uploads\/2026\/04\/WhatsApp-Image-2026-04-13-at-12.45.47-600x338.jpeg 600w\" sizes=\"(max-width: 2560px) 100vw, 2560px\" \/>\t\t<\/div>\n\t\t\t\t<div class=\"elementor-portfolio-item__overlay\">\n\t\t\t\t<h4 class=\"elementor-portfolio-item__title\">\n\t\tCom emenda parlamentar, Wilson Santos reinaugura mini-est\u00e1dio de Dom Aquino\t\t<\/h4>\n\t\t\t\t<\/div>\n\t\t\t\t<\/a>\n\t\t<\/article>\n\t\t\t\t<article class=\"elementor-portfolio-item elementor-post elementor-filter-13 post-2445 post type-post status-publish format-standard has-post-thumbnail hentry category-noticias\">\n\t\t\t<a class=\"elementor-post__thumbnail__link\" href=\"https:\/\/wilsonsantosmt.com.br\/index.php\/2026\/04\/10\/com-alta-inadimplencia-financeira-wilson-santos-sugere-medidas-para-orientar-o-consumidor-de-mt\/\">\n\t\t\t\t<div class=\"elementor-portfolio-item__img elementor-post__thumbnail\">\n\t\t\t<img loading=\"lazy\" decoding=\"async\" width=\"1600\" height=\"1066\" src=\"https:\/\/wilsonsantosmt.com.br\/wp-content\/uploads\/2026\/04\/821b3570e8e6bfcd0d17c422d765dd4c69cd55eda55ca-3.webp\" class=\"attachment-full size-full wp-image-2446\" alt=\"\" srcset=\"https:\/\/wilsonsantosmt.com.br\/wp-content\/uploads\/2026\/04\/821b3570e8e6bfcd0d17c422d765dd4c69cd55eda55ca-3.webp 1600w, https:\/\/wilsonsantosmt.com.br\/wp-content\/uploads\/2026\/04\/821b3570e8e6bfcd0d17c422d765dd4c69cd55eda55ca-3-300x200.webp 300w, https:\/\/wilsonsantosmt.com.br\/wp-content\/uploads\/2026\/04\/821b3570e8e6bfcd0d17c422d765dd4c69cd55eda55ca-3-1024x682.webp 1024w, https:\/\/wilsonsantosmt.com.br\/wp-content\/uploads\/2026\/04\/821b3570e8e6bfcd0d17c422d765dd4c69cd55eda55ca-3-768x512.webp 768w, https:\/\/wilsonsantosmt.com.br\/wp-content\/uploads\/2026\/04\/821b3570e8e6bfcd0d17c422d765dd4c69cd55eda55ca-3-1536x1023.webp 1536w, https:\/\/wilsonsantosmt.com.br\/wp-content\/uploads\/2026\/04\/821b3570e8e6bfcd0d17c422d765dd4c69cd55eda55ca-3-600x400.webp 600w\" sizes=\"(max-width: 1600px) 100vw, 1600px\" \/>\t\t<\/div>\n\t\t\t\t<div class=\"elementor-portfolio-item__overlay\">\n\t\t\t\t<h4 class=\"elementor-portfolio-item__title\">\n\t\tCom alta inadimpl\u00eancia financeira, Wilson Santos sugere medidas para orientar o consumidor de MT\t\t<\/h4>\n\t\t\t\t<\/div>\n\t\t\t\t<\/a>\n\t\t<\/article>\n\t\t\t\t<article class=\"elementor-portfolio-item elementor-post elementor-filter-13 post-2438 post type-post status-publish format-standard has-post-thumbnail hentry category-noticias\">\n\t\t\t<a class=\"elementor-post__thumbnail__link\" href=\"https:\/\/wilsonsantosmt.com.br\/index.php\/2026\/04\/09\/wilson-santos-propoe-botao-de-emergencia-em-banheiros-femininos-para-reforcar-a-protecao-as-mulheres\/\">\n\t\t\t\t<div class=\"elementor-portfolio-item__img elementor-post__thumbnail\">\n\t\t\t<img loading=\"lazy\" decoding=\"async\" width=\"1600\" height=\"1066\" src=\"https:\/\/wilsonsantosmt.com.br\/wp-content\/uploads\/2026\/04\/1dd8a1ad548a21bab033e477eb36b3a969bb5a9692eed.webp\" class=\"attachment-full size-full wp-image-2439\" alt=\"\" srcset=\"https:\/\/wilsonsantosmt.com.br\/wp-content\/uploads\/2026\/04\/1dd8a1ad548a21bab033e477eb36b3a969bb5a9692eed.webp 1600w, https:\/\/wilsonsantosmt.com.br\/wp-content\/uploads\/2026\/04\/1dd8a1ad548a21bab033e477eb36b3a969bb5a9692eed-300x200.webp 300w, https:\/\/wilsonsantosmt.com.br\/wp-content\/uploads\/2026\/04\/1dd8a1ad548a21bab033e477eb36b3a969bb5a9692eed-1024x682.webp 1024w, https:\/\/wilsonsantosmt.com.br\/wp-content\/uploads\/2026\/04\/1dd8a1ad548a21bab033e477eb36b3a969bb5a9692eed-768x512.webp 768w, https:\/\/wilsonsantosmt.com.br\/wp-content\/uploads\/2026\/04\/1dd8a1ad548a21bab033e477eb36b3a969bb5a9692eed-1536x1023.webp 1536w, https:\/\/wilsonsantosmt.com.br\/wp-content\/uploads\/2026\/04\/1dd8a1ad548a21bab033e477eb36b3a969bb5a9692eed-600x400.webp 600w\" sizes=\"(max-width: 1600px) 100vw, 1600px\" \/>\t\t<\/div>\n\t\t\t\t<div class=\"elementor-portfolio-item__overlay\">\n\t\t\t\t<h4 class=\"elementor-portfolio-item__title\">\n\t\tWilson Santos prop\u00f5e bot\u00e3o de emerg\u00eancia em banheiros femininos para refor\u00e7ar a prote\u00e7\u00e3o \u00e0s mulheres\t\t<\/h4>\n\t\t\t\t<\/div>\n\t\t\t\t<\/a>\n\t\t<\/article>\n\t\t\t\t<article class=\"elementor-portfolio-item elementor-post elementor-filter-13 post-2433 post type-post status-publish format-standard has-post-thumbnail hentry category-noticias\">\n\t\t\t<a class=\"elementor-post__thumbnail__link\" href=\"https:\/\/wilsonsantosmt.com.br\/index.php\/2026\/04\/09\/wilson-santos-entrega-unidade-de-saude-reformada-e-amplia-investimentos-em-varzea-grande\/\">\n\t\t\t\t<div class=\"elementor-portfolio-item__img elementor-post__thumbnail\">\n\t\t\t<img loading=\"lazy\" decoding=\"async\" width=\"1034\" height=\"677\" src=\"https:\/\/wilsonsantosmt.com.br\/wp-content\/uploads\/2026\/04\/WhatsApp-Image-2026-04-09-at-09.56.25.jpeg\" class=\"attachment-full size-full wp-image-2434\" alt=\"\" srcset=\"https:\/\/wilsonsantosmt.com.br\/wp-content\/uploads\/2026\/04\/WhatsApp-Image-2026-04-09-at-09.56.25.jpeg 1034w, https:\/\/wilsonsantosmt.com.br\/wp-content\/uploads\/2026\/04\/WhatsApp-Image-2026-04-09-at-09.56.25-300x196.jpeg 300w, https:\/\/wilsonsantosmt.com.br\/wp-content\/uploads\/2026\/04\/WhatsApp-Image-2026-04-09-at-09.56.25-1024x670.jpeg 1024w, https:\/\/wilsonsantosmt.com.br\/wp-content\/uploads\/2026\/04\/WhatsApp-Image-2026-04-09-at-09.56.25-768x503.jpeg 768w, https:\/\/wilsonsantosmt.com.br\/wp-content\/uploads\/2026\/04\/WhatsApp-Image-2026-04-09-at-09.56.25-600x393.jpeg 600w\" sizes=\"(max-width: 1034px) 100vw, 1034px\" \/>\t\t<\/div>\n\t\t\t\t<div class=\"elementor-portfolio-item__overlay\">\n\t\t\t\t<h4 class=\"elementor-portfolio-item__title\">\n\t\tWilson Santos entrega unidade de sa\u00fade reformada e amplia investimentos em V\u00e1rzea Grande\t\t<\/h4>\n\t\t\t\t<\/div>\n\t\t\t\t<\/a>\n\t\t<\/article>\n\t\t\t\t<article class=\"elementor-portfolio-item elementor-post elementor-filter-13 post-2442 post type-post status-publish format-standard hentry category-noticias\">\n\t\t\t<a class=\"elementor-post__thumbnail__link\" href=\"https:\/\/wilsonsantosmt.com.br\/index.php\/2026\/04\/08\/understanding-withdrawal-symptoms-causes-and-coping-strategies\/\">\n\t\t\t\t<div class=\"elementor-portfolio-item__img elementor-post__thumbnail\">\n\t\t\t\t\t<\/div>\n\t\t\t\t<div class=\"elementor-portfolio-item__overlay\">\n\t\t\t\t<h4 class=\"elementor-portfolio-item__title\">\n\t\tUnderstanding Withdrawal: Symptoms, Causes, and Coping Strategies\t\t<\/h4>\n\t\t\t\t<\/div>\n\t\t\t\t<\/a>\n\t\t<\/article>\n\t\t\t\t<\/div>\n\t\t\t\t<\/div>\n\t\t\t\t<\/div>\n\t\t\t\t\t<\/div>\n\t\t<\/div>\n\t\t\t\t\t\t\t<\/div>\n\t\t<\/section>\n\t\t\t\t\t\t\t<\/div>\n\t\t","protected":false},"excerpt":{"rendered":"","protected":false},"author":1,"featured_media":230,"parent":0,"menu_order":0,"comment_status":"closed","ping_status":"closed","template":"elementor_header_footer","meta":{"footnotes":""},"yoast_head":"<!-- This site is optimized with the Yoast SEO Premium plugin v21.5 (Yoast SEO v21.4) - https:\/\/yoast.com\/wordpress\/plugins\/seo\/ -->\n<title>Portfolio - wilsonsantosmt.com.br<\/title>\n<meta name=\"robots\" content=\"index, follow, max-snippet:-1, max-image-preview:large, max-video-preview:-1\" \/>\n<link rel=\"canonical\" href=\"https:\/\/wilsonsantosmt.com.br\/index.php\/portfolio\/\" \/>\n<meta property=\"og:locale\" content=\"pt_BR\" \/>\n<meta property=\"og:type\" content=\"article\" \/>\n<meta property=\"og:title\" content=\"Portfolio\" \/>\n<meta property=\"og:url\" content=\"https:\/\/wilsonsantosmt.com.br\/index.php\/portfolio\/\" \/>\n<meta property=\"og:site_name\" content=\"wilsonsantosmt.com.br\" \/>\n<meta property=\"article:publisher\" content=\"https:\/\/www.facebook.com\/WilsonSantosMT\/\" \/>\n<meta property=\"article:modified_time\" content=\"2023-11-17T18:28:56+00:00\" \/>\n<meta property=\"og:image\" content=\"https:\/\/wilsonsantosmt.com.br\/wp-content\/uploads\/2023\/11\/Portfolio-400_380.jpg\" \/>\n\t<meta property=\"og:image:width\" content=\"400\" \/>\n\t<meta property=\"og:image:height\" content=\"380\" \/>\n\t<meta property=\"og:image:type\" content=\"image\/jpeg\" \/>\n<meta name=\"twitter:card\" content=\"summary_large_image\" \/>\n<script type=\"application\/ld+json\" class=\"yoast-schema-graph\">{\"@context\":\"https:\/\/schema.org\",\"@graph\":[{\"@type\":\"WebPage\",\"@id\":\"https:\/\/wilsonsantosmt.com.br\/index.php\/portfolio\/\",\"url\":\"https:\/\/wilsonsantosmt.com.br\/index.php\/portfolio\/\",\"name\":\"Portfolio - wilsonsantosmt.com.br\",\"isPartOf\":{\"@id\":\"https:\/\/wilsonsantosmt.com.br\/#website\"},\"datePublished\":\"2023-11-17T18:28:44+00:00\",\"dateModified\":\"2023-11-17T18:28:56+00:00\",\"breadcrumb\":{\"@id\":\"https:\/\/wilsonsantosmt.com.br\/index.php\/portfolio\/#breadcrumb\"},\"inLanguage\":\"pt-BR\",\"potentialAction\":[{\"@type\":\"ReadAction\",\"target\":[\"https:\/\/wilsonsantosmt.com.br\/index.php\/portfolio\/\"]}]},{\"@type\":\"BreadcrumbList\",\"@id\":\"https:\/\/wilsonsantosmt.com.br\/index.php\/portfolio\/#breadcrumb\",\"itemListElement\":[{\"@type\":\"ListItem\",\"position\":1,\"name\":\"In\u00edcio\",\"item\":\"https:\/\/wilsonsantosmt.com.br\/\"},{\"@type\":\"ListItem\",\"position\":2,\"name\":\"Portfolio\"}]},{\"@type\":\"WebSite\",\"@id\":\"https:\/\/wilsonsantosmt.com.br\/#website\",\"url\":\"https:\/\/wilsonsantosmt.com.br\/\",\"name\":\"wilsonsantosmt.com.br\",\"description\":\"\",\"publisher\":{\"@id\":\"https:\/\/wilsonsantosmt.com.br\/#\/schema\/person\/9de3c54961637a9eadb16bcbf895b1ef\"},\"potentialAction\":[{\"@type\":\"SearchAction\",\"target\":{\"@type\":\"EntryPoint\",\"urlTemplate\":\"https:\/\/wilsonsantosmt.com.br\/?s={search_term_string}\"},\"query-input\":\"required name=search_term_string\"}],\"inLanguage\":\"pt-BR\"},{\"@type\":[\"Person\",\"Organization\"],\"@id\":\"https:\/\/wilsonsantosmt.com.br\/#\/schema\/person\/9de3c54961637a9eadb16bcbf895b1ef\",\"name\":\"Wilson Santos\",\"image\":{\"@type\":\"ImageObject\",\"inLanguage\":\"pt-BR\",\"@id\":\"https:\/\/wilsonsantosmt.com.br\/#\/schema\/person\/image\/\",\"url\":\"https:\/\/wilsonsantosmt.com.br\/wp-content\/uploads\/2023\/11\/310828673_653254583023360_8795459643194608438_n.jpg\",\"contentUrl\":\"https:\/\/wilsonsantosmt.com.br\/wp-content\/uploads\/2023\/11\/310828673_653254583023360_8795459643194608438_n.jpg\",\"width\":1078,\"height\":1079,\"caption\":\"Wilson Santos\"},\"logo\":{\"@id\":\"https:\/\/wilsonsantosmt.com.br\/#\/schema\/person\/image\/\"},\"sameAs\":[\"http:\/\/wilsonsantosmt.com.br\",\"https:\/\/www.facebook.com\/WilsonSantosMT\/\",\"https:\/\/www.instagram.com\/wilsonsantosmt\/\",\"https:\/\/www.youtube.com\/@WilsonSantosWS\/videos\",\"https:\/\/pt.wikipedia.org\/wiki\/Wilson_Santos\"],\"honorificPrefix\":\"Sr\",\"gender\":\"masculino\",\"jobTitle\":\"Deputado Estadual\",\"worksFor\":\"Assembleia Legislativa de Mato Grosso\"}]}<\/script>\n<!-- \/ Yoast SEO Premium plugin. -->","yoast_head_json":{"title":"Portfolio - wilsonsantosmt.com.br","robots":{"index":"index","follow":"follow","max-snippet":"max-snippet:-1","max-image-preview":"max-image-preview:large","max-video-preview":"max-video-preview:-1"},"canonical":"https:\/\/wilsonsantosmt.com.br\/index.php\/portfolio\/","og_locale":"pt_BR","og_type":"article","og_title":"Portfolio","og_url":"https:\/\/wilsonsantosmt.com.br\/index.php\/portfolio\/","og_site_name":"wilsonsantosmt.com.br","article_publisher":"https:\/\/www.facebook.com\/WilsonSantosMT\/","article_modified_time":"2023-11-17T18:28:56+00:00","og_image":[{"width":400,"height":380,"url":"https:\/\/wilsonsantosmt.com.br\/wp-content\/uploads\/2023\/11\/Portfolio-400_380.jpg","type":"image\/jpeg"}],"twitter_card":"summary_large_image","schema":{"@context":"https:\/\/schema.org","@graph":[{"@type":"WebPage","@id":"https:\/\/wilsonsantosmt.com.br\/index.php\/portfolio\/","url":"https:\/\/wilsonsantosmt.com.br\/index.php\/portfolio\/","name":"Portfolio - wilsonsantosmt.com.br","isPartOf":{"@id":"https:\/\/wilsonsantosmt.com.br\/#website"},"datePublished":"2023-11-17T18:28:44+00:00","dateModified":"2023-11-17T18:28:56+00:00","breadcrumb":{"@id":"https:\/\/wilsonsantosmt.com.br\/index.php\/portfolio\/#breadcrumb"},"inLanguage":"pt-BR","potentialAction":[{"@type":"ReadAction","target":["https:\/\/wilsonsantosmt.com.br\/index.php\/portfolio\/"]}]},{"@type":"BreadcrumbList","@id":"https:\/\/wilsonsantosmt.com.br\/index.php\/portfolio\/#breadcrumb","itemListElement":[{"@type":"ListItem","position":1,"name":"In\u00edcio","item":"https:\/\/wilsonsantosmt.com.br\/"},{"@type":"ListItem","position":2,"name":"Portfolio"}]},{"@type":"WebSite","@id":"https:\/\/wilsonsantosmt.com.br\/#website","url":"https:\/\/wilsonsantosmt.com.br\/","name":"wilsonsantosmt.com.br","description":"","publisher":{"@id":"https:\/\/wilsonsantosmt.com.br\/#\/schema\/person\/9de3c54961637a9eadb16bcbf895b1ef"},"potentialAction":[{"@type":"SearchAction","target":{"@type":"EntryPoint","urlTemplate":"https:\/\/wilsonsantosmt.com.br\/?s={search_term_string}"},"query-input":"required name=search_term_string"}],"inLanguage":"pt-BR"},{"@type":["Person","Organization"],"@id":"https:\/\/wilsonsantosmt.com.br\/#\/schema\/person\/9de3c54961637a9eadb16bcbf895b1ef","name":"Wilson Santos","image":{"@type":"ImageObject","inLanguage":"pt-BR","@id":"https:\/\/wilsonsantosmt.com.br\/#\/schema\/person\/image\/","url":"https:\/\/wilsonsantosmt.com.br\/wp-content\/uploads\/2023\/11\/310828673_653254583023360_8795459643194608438_n.jpg","contentUrl":"https:\/\/wilsonsantosmt.com.br\/wp-content\/uploads\/2023\/11\/310828673_653254583023360_8795459643194608438_n.jpg","width":1078,"height":1079,"caption":"Wilson Santos"},"logo":{"@id":"https:\/\/wilsonsantosmt.com.br\/#\/schema\/person\/image\/"},"sameAs":["http:\/\/wilsonsantosmt.com.br","https:\/\/www.facebook.com\/WilsonSantosMT\/","https:\/\/www.instagram.com\/wilsonsantosmt\/","https:\/\/www.youtube.com\/@WilsonSantosWS\/videos","https:\/\/pt.wikipedia.org\/wiki\/Wilson_Santos"],"honorificPrefix":"Sr","gender":"masculino","jobTitle":"Deputado Estadual","worksFor":"Assembleia Legislativa de Mato Grosso"}]}},"_links":{"self":[{"href":"https:\/\/wilsonsantosmt.com.br\/index.php\/wp-json\/wp\/v2\/pages\/227"}],"collection":[{"href":"https:\/\/wilsonsantosmt.com.br\/index.php\/wp-json\/wp\/v2\/pages"}],"about":[{"href":"https:\/\/wilsonsantosmt.com.br\/index.php\/wp-json\/wp\/v2\/types\/page"}],"author":[{"embeddable":true,"href":"https:\/\/wilsonsantosmt.com.br\/index.php\/wp-json\/wp\/v2\/users\/1"}],"replies":[{"embeddable":true,"href":"https:\/\/wilsonsantosmt.com.br\/index.php\/wp-json\/wp\/v2\/comments?post=227"}],"version-history":[{"count":4,"href":"https:\/\/wilsonsantosmt.com.br\/index.php\/wp-json\/wp\/v2\/pages\/227\/revisions"}],"predecessor-version":[{"id":268,"href":"https:\/\/wilsonsantosmt.com.br\/index.php\/wp-json\/wp\/v2\/pages\/227\/revisions\/268"}],"wp:featuredmedia":[{"embeddable":true,"href":"https:\/\/wilsonsantosmt.com.br\/index.php\/wp-json\/wp\/v2\/media\/230"}],"wp:attachment":[{"href":"https:\/\/wilsonsantosmt.com.br\/index.php\/wp-json\/wp\/v2\/media?parent=227"}],"curies":[{"name":"wp","href":"https:\/\/api.w.org\/{rel}","templated":true}]}}